{"id":904,"date":"2024-01-23T15:15:03","date_gmt":"2024-01-23T14:15:03","guid":{"rendered":"https:\/\/mytoroma.it\/home-2\/"},"modified":"2025-08-04T08:19:13","modified_gmt":"2025-08-04T06:19:13","slug":"home-eng","status":"publish","type":"page","link":"https:\/\/mytoroma.it\/en\/","title":{"rendered":"Home"},"content":{"rendered":"\n\t<div class=\"slider\">\n\t\t\n            <div>\n                \n                <div class=\"slide\" style=\"background-image: url('https:\/\/mytoroma.it\/wp-content\/uploads\/2024\/02\/apertura-sushi-roll.jpg');\">\n                    <div class=\"slide-content\">\n                                                                            <h2 class=\"slide-title\">A Passion for the East<\/h2>\n                                                                            <div class=\"slide-text text-editor\"><p class=\"p1\">Myto is not just another sushi restaurant, it\u2019s a true <b>culinary and entertainment experience<\/b>.<\/p>\n<p class=\"p1\">Here, <b>Eastern traditions meet Western tastes<\/b>, in a perfect blend of authenticity, creativity, and contemporary flair.<\/p>\n<\/div>\n                                                                    <\/div>\n                    <picture class=\"hidden\">\n                        <source media=\"(min-width: 580px)\" srcset=\"https:\/\/mytoroma.it\/wp-content\/uploads\/2024\/02\/apertura-sushi-roll.jpg\">\n                        <img decoding=\"async\" src=\"https:\/\/mytoroma.it\/wp-content\/uploads\/2024\/02\/roll-apertura-myto-m.jpg\" alt=\"\" \/>\n                    <\/picture>\n                <\/div>\n            <\/div>\n\n        \n            <div>\n                \n                <div class=\"slide\" style=\"background-image: url('https:\/\/mytoroma.it\/wp-content\/uploads\/2024\/02\/apertura-sushi-fiori.jpg');\">\n                    <div class=\"slide-content\">\n                                                                            <h2 class=\"slide-title\">A Passion for the East<\/h2>\n                                                                            <div class=\"slide-text text-editor\"><p class=\"p1\">Myto is not just another sushi restaurant, it\u2019s a true <b>culinary and entertainment experience<\/b>.<\/p>\n<p class=\"p1\">Here, <b>Eastern traditions meet Western tastes<\/b>, in a perfect blend of authenticity, creativity, and contemporary flair.<\/p>\n<\/div>\n                                                                    <\/div>\n                    <picture class=\"hidden\">\n                        <source media=\"(min-width: 580px)\" srcset=\"https:\/\/mytoroma.it\/wp-content\/uploads\/2024\/02\/apertura-sushi-fiori.jpg\">\n                        <img decoding=\"async\" src=\"https:\/\/mytoroma.it\/wp-content\/uploads\/2024\/02\/gunkan-apertura-myto-m.jpg\" alt=\"\" \/>\n                    <\/picture>\n                <\/div>\n            <\/div>\n\n        \n            <div>\n                \n                <div class=\"slide\" style=\"background-image: url('https:\/\/mytoroma.it\/wp-content\/uploads\/2024\/02\/apertura-tavolo-rotondo.jpg');\">\n                    <div class=\"slide-content\">\n                                                                            <h2 class=\"slide-title\">A Passion for the East<\/h2>\n                                                                            <div class=\"slide-text text-editor\"><p class=\"p1\">Myto is not just another sushi restaurant, it\u2019s a true <b>culinary and entertainment experience<\/b>.<\/p>\n<p class=\"p1\">Here, <b>Eastern traditions meet Western tastes<\/b>, in a perfect blend of authenticity, creativity, and contemporary flair.<\/p>\n<\/div>\n                                                                    <\/div>\n                    <picture class=\"hidden\">\n                        <source media=\"(min-width: 580px)\" srcset=\"https:\/\/mytoroma.it\/wp-content\/uploads\/2024\/02\/apertura-tavolo-rotondo.jpg\">\n                        <img decoding=\"async\" src=\"https:\/\/mytoroma.it\/wp-content\/uploads\/2024\/02\/tavolo-rotondo-apertura-myto-m.jpg\" alt=\"\" \/>\n                    <\/picture>\n                <\/div>\n            <\/div>\n\n            <\/div>\n\n\n\n<a\n    class=\"block block--cta align--left\"\n    href=\"https:\/\/prenotazionimyto.brain-team.it\/prenotazioni.aspx\">\n\n    <img decoding=\"async\" src=\"https:\/\/mytoroma.it\/wp-content\/uploads\/2024\/02\/myto-tavoli-luce-soffusa.jpg\" \/>\n\n    <div class=\"block-content with-background\">\n                    <h3>Elegance &#038; Design<\/h3>\n        \n        \n        \n        <div class=\"btn\">\n            Book a table        <\/div>\n    <\/div>\n\n<\/a>\n\n\t<div class=\"block block--box\" style=\"background-image: url('')\">\n            <picture class=\"hidden\">\n                <source media=\"(min-width: 580px)\" srcset=\"\">\n            <\/picture>\n        <div class=\"box-container\">\n                            <div class=\"box-item\">\n                    <div class=\"box-image\">\n                        <img decoding=\"async\" src=\"https:\/\/mytoroma.it\/wp-content\/uploads\/2021\/03\/icona_0002_Livello-1.png\" alt=\"\" \/>\n                    <\/div>\n                    <h3>AT THE RESTAURANT OR AT HOME<\/h3>\n                    <p>Experience the world of Myto,  book a table or order take-away and bring contemporary Asian cuisine wherever you are.<\/p>\n                <\/div>\n                            <div class=\"box-item\">\n                    <div class=\"box-image\">\n                        <img decoding=\"async\" src=\"https:\/\/mytoroma.it\/wp-content\/uploads\/2021\/03\/icona_0001_Livello-2.png\" alt=\"\" \/>\n                    <\/div>\n                    <h3>Asian Contemporary Cuisine<\/h3>\n                    <p>New proposals every day, always with originality and quality in mind.<\/p>\n                <\/div>\n                            <div class=\"box-item\">\n                    <div class=\"box-image\">\n                        <img decoding=\"async\" src=\"https:\/\/mytoroma.it\/wp-content\/uploads\/2021\/03\/icona_0000_Livello-3.png\" alt=\"\" \/>\n                    <\/div>\n                    <h3>A NEW TASTE EVERY DAY<\/h3>\n                    <p>Originality and quality define our culinary offering: fresh, authentic flavors, carefully selected ingredients, and creative dishes that change daily<\/p>\n                <\/div>\n                    <\/div>\n    <\/div>\n\n\n\n<div class=\"block block--section-image\" >\n    <div class=\"block-section-image-container\">\n                    <div class=\"block-section-image-img\" style=\"background-image: url('https:\/\/mytoroma.it\/wp-content\/uploads\/2024\/02\/mix-piatti-myto.jpg');\">\n                <img decoding=\"async\" src=\"https:\/\/mytoroma.it\/wp-content\/uploads\/2024\/02\/mix-piatti-myto-1440x1440.jpg\" alt=\"\" class=\"hidden\" \/>\n            <\/div>\n        \n        <div class=\"block-section-image-content \">\n                             <h2 class=\"block-title\">CONTEMPORARY ASIAN CUISINE IN THE HEART OF ROME<\/h2>\n                                        <div class=\"txt\"><p class=\"p1\">In the historic center of Rome, Myto blends the <b>elegance of Japanese culinary art<\/b> with the <b>richness of Chinese flavors<\/b>, offering a refined and modern menu. Each dish is rooted in tradition yet reinvented with a <b>contemporary twist<\/b>.<\/p>\n<\/div>\n                                <\/div>\n\n    <\/div>\n<\/div>\n\n\t<div class=\"block block--gallery-slider\">\n                    <h2>The kitchen<\/h2>\n                <div class=\"gallery-slider\">\n            \n                <div>\n                    <div class=\"slide\">\n                        <div class=\"slide-item\" style=\"background-image: url('https:\/\/mytoroma.it\/wp-content\/uploads\/2024\/02\/piatto-sushi-gallery.jpg');\">\n                            <picture class=\"hidden\">\n                                <source media=\"(min-width: 580px)\" srcset=\"https:\/\/mytoroma.it\/wp-content\/uploads\/2024\/02\/piatto-sushi-gallery.jpg\">\n                            <\/picture>\n                        <\/div>\n                        <div class=\"slide-item\" style=\"background-image: url('https:\/\/mytoroma.it\/wp-content\/uploads\/2024\/01\/8-myto-set.jpg');\">\n                            <picture class=\"hidden\">\n                                <source media=\"(min-width: 580px)\" srcset=\"https:\/\/mytoroma.it\/wp-content\/uploads\/2024\/01\/8-myto-set.jpg\">\n                            <\/picture>\n                        <\/div>\n                        <div class=\"slide-item\" style=\"background-image: url('https:\/\/mytoroma.it\/wp-content\/uploads\/2024\/01\/7-maki-rolls.jpg');\">\n                            <picture class=\"hidden\">\n                                <source media=\"(min-width: 580px)\" srcset=\"https:\/\/mytoroma.it\/wp-content\/uploads\/2024\/01\/7-maki-rolls.jpg\">\n                            <\/picture>\n                        <\/div>\n                        <div class=\"slide-item\" style=\"background-image: url('https:\/\/mytoroma.it\/wp-content\/uploads\/2024\/02\/bowl-gallery.jpg');\">\n                            <picture class=\"hidden\">\n                                <source media=\"(min-width: 580px)\" srcset=\"https:\/\/mytoroma.it\/wp-content\/uploads\/2024\/02\/bowl-gallery.jpg\">\n                            <\/picture>\n                        <\/div>\n                        <div class=\"slide-item\" style=\"background-image: url('https:\/\/mytoroma.it\/wp-content\/uploads\/2024\/01\/special-taste-extra.jpg');\">\n                            <picture class=\"hidden\">\n                                <source media=\"(min-width: 580px)\" srcset=\"https:\/\/mytoroma.it\/wp-content\/uploads\/2024\/01\/special-taste-extra.jpg\">\n                            <\/picture>\n                        <\/div>\n                        <div class=\"slide-item\" style=\"background-image: url('https:\/\/mytoroma.it\/wp-content\/uploads\/2024\/01\/spiedini-yakitori.jpg');\">\n                            <picture class=\"hidden\">\n                                <source media=\"(min-width: 580px)\" srcset=\"https:\/\/mytoroma.it\/wp-content\/uploads\/2024\/01\/spiedini-yakitori.jpg\">\n                            <\/picture>\n                        <\/div>\n                    <\/div>\n                <\/div>\n\n            \n                <div>\n                    <div class=\"slide\">\n                        <div class=\"slide-item\" style=\"background-image: url('https:\/\/mytoroma.it\/wp-content\/uploads\/2024\/01\/6-special-taste-tonno-millefoglie.jpg');\">\n                            <picture class=\"hidden\">\n                                <source media=\"(min-width: 580px)\" srcset=\"https:\/\/mytoroma.it\/wp-content\/uploads\/2024\/01\/6-special-taste-tonno-millefoglie.jpg\">\n                            <\/picture>\n                        <\/div>\n                        <div class=\"slide-item\" style=\"background-image: url('https:\/\/mytoroma.it\/wp-content\/uploads\/2024\/01\/5-yakimono-wagyu.jpg');\">\n                            <picture class=\"hidden\">\n                                <source media=\"(min-width: 580px)\" srcset=\"https:\/\/mytoroma.it\/wp-content\/uploads\/2024\/01\/5-yakimono-wagyu.jpg\">\n                            <\/picture>\n                        <\/div>\n                        <div class=\"slide-item\" style=\"background-image: url('https:\/\/mytoroma.it\/wp-content\/uploads\/2024\/01\/ramen-niku.jpg');\">\n                            <picture class=\"hidden\">\n                                <source media=\"(min-width: 580px)\" srcset=\"https:\/\/mytoroma.it\/wp-content\/uploads\/2024\/01\/ramen-niku.jpg\">\n                            <\/picture>\n                        <\/div>\n                        <div class=\"slide-item\" style=\"background-image: url('https:\/\/mytoroma.it\/wp-content\/uploads\/2024\/01\/1-spring-roll.jpg');\">\n                            <picture class=\"hidden\">\n                                <source media=\"(min-width: 580px)\" srcset=\"https:\/\/mytoroma.it\/wp-content\/uploads\/2024\/01\/1-spring-roll.jpg\">\n                            <\/picture>\n                        <\/div>\n                        <div class=\"slide-item\" style=\"background-image: url('https:\/\/mytoroma.it\/wp-content\/uploads\/2024\/01\/nigiri-misti.jpg');\">\n                            <picture class=\"hidden\">\n                                <source media=\"(min-width: 580px)\" srcset=\"https:\/\/mytoroma.it\/wp-content\/uploads\/2024\/01\/nigiri-misti.jpg\">\n                            <\/picture>\n                        <\/div>\n                        <div class=\"slide-item\" style=\"background-image: url('https:\/\/mytoroma.it\/wp-content\/uploads\/2024\/02\/slider-cta-myto-roll-mobile.jpg');\">\n                            <picture class=\"hidden\">\n                                <source media=\"(min-width: 580px)\" srcset=\"https:\/\/mytoroma.it\/wp-content\/uploads\/2024\/02\/slider-cta-myto-roll-mobile.jpg\">\n                            <\/picture>\n                        <\/div>\n                    <\/div>\n                <\/div>\n\n                    <\/div>\n\n            <\/div>\n\n\n\n<div class=\"block block--section-image\" >\n    <div class=\"block-section-image-container\">\n                    <div class=\"block-section-image-img\" style=\"background-image: url('https:\/\/mytoroma.it\/wp-content\/uploads\/2024\/02\/interni-con-volta-neon.jpg');\">\n                <img decoding=\"async\" src=\"https:\/\/mytoroma.it\/wp-content\/uploads\/2024\/02\/interni-con-volta-neon-1440x810.jpg\" alt=\"\" class=\"hidden\" \/>\n            <\/div>\n        \n        <div class=\"block-section-image-content \">\n                             <h2 class=\"block-title\">A SPACE DESIGNED FOR EXPERIENCE<\/h2>\n                                        <div class=\"txt\"><p class=\"p1\">LED lighting, mirrors, and bold colors define our space, a <b>vibrant and elegant location<\/b>, designed to welcome you in a refined yet modern atmosphere.<\/p>\n<\/div>\n                                <\/div>\n\n    <\/div>\n<\/div>\n\n\n<div class=\"block block--section-half\">\n    <div class=\"block-section-half-container\">\n                                <div class=\"half half--img img-square\"\n                style=\"background-image: url('https:\/\/mytoroma.it\/wp-content\/uploads\/2025\/08\/ravioli.jpg');\">\n                            <img decoding=\"async\" class=\"hidden\" src=\"https:\/\/mytoroma.it\/wp-content\/uploads\/2025\/08\/ravioli.jpg\" alt=\"\" \/>\n                        <\/div>\n                    \n        <div class=\"half\">\n            <div>\n                                    <h2 class=\"block-title\">HANDCRAFTED DUMPLINGS<\/h2>\n                                                    <div class=\"txt\"><p class=\"p1\">At the heart of our kitchen are <b>artisanal Gyoza<\/b>, inspired by traditional Chinese Dim Sum.<\/p>\n<p class=\"p1\">Prepared fresh daily <b>in our open-view dumpling station<\/b>, they are a signature of Myto\u2019s creative take on Asian cuisine.<\/p>\n<\/div>\n                                \n                            <\/div>\n        <\/div>\n    <\/div>\n<\/div>\n\n\n<div class=\"block block--section-half reverse\">\n    <div class=\"block-section-half-container\">\n                                <div class=\"half half--img img-square\"\n                style=\"background-image: url('https:\/\/mytoroma.it\/wp-content\/uploads\/2025\/08\/gyoza-d-autore.jpg');\">\n                            <img decoding=\"async\" class=\"hidden\" src=\"https:\/\/mytoroma.it\/wp-content\/uploads\/2025\/08\/gyoza-d-autore.jpg\" alt=\"\" \/>\n                        <\/div>\n                    \n        <div class=\"half\">\n            <div>\n                                    <h2 class=\"block-title\">Gyoza with Personality<\/h2>\n                                                    <div class=\"txt\"><p class=\"p1\">From steamed <b>Niku<\/b>, to grilled <b>Guotie<\/b>, and the bold <b>Black Ika<\/b> with squid ink \u2014 each dumpling surprises with its shape, filling, and technique.<\/p>\n<p class=\"p1\">Don\u2019t miss our <b>crystal-skinned dumplings<\/b>, ultra-light vegetarian options, and exclusive <b>gluten-free recipes<\/b>.<\/p>\n<\/div>\n                                \n                            <\/div>\n        <\/div>\n    <\/div>\n<\/div>\n\n\n<a\n    class=\"block block--cta align--left\"\n    href=\"https:\/\/prenotazionimyto.brain-team.it\/prenotazioni.aspx\">\n\n    <img decoding=\"async\" src=\"https:\/\/mytoroma.it\/wp-content\/uploads\/2024\/02\/striscia-con-piatti.jpg\" \/>\n\n    <div class=\"block-content\">\n                    <h3>Experience the flavors of<\/br>Myto<\/h3>\n        \n        \n        \n        <div class=\"btn\">\n            Prenota Tavolo        <\/div>\n    <\/div>\n\n<\/a>\n\n\n\n<div class=\"block block--base\">\n    <div class=\"block-content align--center\">\n\n        <div class=\"txt base-content\">\n            <h2>Sapori autentici nel cuore di Roma<\/h2>\n<p>Myto si pone come punto di riferimento per gli amanti della cucina asiatica e del sushi nel centro di Roma. Qui, la tradizione incontra l&#8217;innovazione in un menu ricco di scelte, da piatti classici a proposte moderne. La qualit\u00e0 degli ingredienti \u00e8 la priorit\u00e0, assicurando sapori autentici e freschezza in ogni piatto. L&#8217;atmosfera \u00e8 accogliente e informale, ideale per cene rilassanti o pranzi veloci.<\/p>\n\n                            <a href=\"\/contatti\/\" class=\"btn\">\n                    Scopri di pi\u00f9                <\/a>\n                    <\/div>\n\n    <\/div>\n<\/div>\n\n\n<div class=\"block block--section-image\" >\n    <div class=\"block-section-image-container\">\n                    <div class=\"block-section-image-img\" style=\"background-image: url('https:\/\/mytoroma.it\/wp-content\/uploads\/2024\/01\/special-taste-extra.jpg');\">\n                <img decoding=\"async\" src=\"https:\/\/mytoroma.it\/wp-content\/uploads\/2024\/01\/special-taste-extra-1440x1440.jpg\" alt=\"\" class=\"hidden\" \/>\n            <\/div>\n        \n        <div class=\"block-section-image-content \">\n                             <h2 class=\"block-title\">Myto Special Taste<\/h2>\n                                        <div class=\"txt\"><p>Stracciatella, jalapeno, foglie d\u2019oro, basilico vetrificato, tartufo\u2026 Gusti e abbinamenti che non ti aspetti, che rendono l\u2019esperienza culinaria da Myto semplicemente inimitabile.<\/p>\n<\/div>\n                                <\/div>\n\n    <\/div>\n<\/div>\n\n\n<div style=\"height:100px\" aria-hidden=\"true\" class=\"wp-block-spacer\"><\/div>\n","protected":false},"excerpt":{"rendered":"","protected":false},"author":3,"featured_media":0,"parent":0,"menu_order":0,"comment_status":"closed","ping_status":"closed","template":"","meta":{"footnotes":""},"class_list":["post-904","page","type-page","status-publish","hentry"],"yoast_head":"<!-- This site is optimized with the Yoast SEO plugin v25.6 - https:\/\/yoast.com\/wordpress\/plugins\/seo\/ -->\n<title>Myto Sushi Roma | Asian Contemporary Cuisine<\/title>\n<meta name=\"robots\" content=\"index, follow, max-snippet:-1, max-image-preview:large, max-video-preview:-1\" \/>\n<link rel=\"canonical\" href=\"https:\/\/mytoroma.it\/en\/\" \/>\n<meta property=\"og:locale\" content=\"en_US\" \/>\n<meta property=\"og:type\" content=\"article\" \/>\n<meta property=\"og:title\" content=\"Myto Sushi Roma | Asian Contemporary Cuisine\" \/>\n<meta property=\"og:url\" content=\"https:\/\/mytoroma.it\/en\/\" \/>\n<meta property=\"og:site_name\" content=\"Myto Sushi\" \/>\n<meta property=\"article:modified_time\" content=\"2025-08-04T06:19:13+00:00\" \/>\n<meta name=\"twitter:card\" content=\"summary_large_image\" \/>\n<script type=\"application\/ld+json\" class=\"yoast-schema-graph\">{\"@context\":\"https:\/\/schema.org\",\"@graph\":[{\"@type\":\"WebPage\",\"@id\":\"https:\/\/mytoroma.it\/en\/\",\"url\":\"https:\/\/mytoroma.it\/en\/\",\"name\":\"Myto Sushi Roma | Asian Contemporary Cuisine\",\"isPartOf\":{\"@id\":\"https:\/\/mytoroma.it\/en\/#website\"},\"datePublished\":\"2024-01-23T14:15:03+00:00\",\"dateModified\":\"2025-08-04T06:19:13+00:00\",\"breadcrumb\":{\"@id\":\"https:\/\/mytoroma.it\/en\/#breadcrumb\"},\"inLanguage\":\"en-US\",\"potentialAction\":[{\"@type\":\"ReadAction\",\"target\":[\"https:\/\/mytoroma.it\/en\/\"]}]},{\"@type\":\"BreadcrumbList\",\"@id\":\"https:\/\/mytoroma.it\/en\/#breadcrumb\",\"itemListElement\":[{\"@type\":\"ListItem\",\"position\":1,\"name\":\"Home\",\"item\":\"https:\/\/mytoroma.it\/en\/\"},{\"@type\":\"ListItem\",\"position\":2,\"name\":\"Home\"}]},{\"@type\":\"WebSite\",\"@id\":\"https:\/\/mytoroma.it\/en\/#website\",\"url\":\"https:\/\/mytoroma.it\/en\/\",\"name\":\"Myto Sushi\",\"description\":\"\",\"potentialAction\":[{\"@type\":\"SearchAction\",\"target\":{\"@type\":\"EntryPoint\",\"urlTemplate\":\"https:\/\/mytoroma.it\/en\/?s={search_term_string}\"},\"query-input\":{\"@type\":\"PropertyValueSpecification\",\"valueRequired\":true,\"valueName\":\"search_term_string\"}}],\"inLanguage\":\"en-US\"}]}<\/script>\n<!-- \/ Yoast SEO plugin. -->","yoast_head_json":{"title":"Myto Sushi Roma | Asian Contemporary Cuisine","robots":{"index":"index","follow":"follow","max-snippet":"max-snippet:-1","max-image-preview":"max-image-preview:large","max-video-preview":"max-video-preview:-1"},"canonical":"https:\/\/mytoroma.it\/en\/","og_locale":"en_US","og_type":"article","og_title":"Myto Sushi Roma | Asian Contemporary Cuisine","og_url":"https:\/\/mytoroma.it\/en\/","og_site_name":"Myto Sushi","article_modified_time":"2025-08-04T06:19:13+00:00","twitter_card":"summary_large_image","schema":{"@context":"https:\/\/schema.org","@graph":[{"@type":"WebPage","@id":"https:\/\/mytoroma.it\/en\/","url":"https:\/\/mytoroma.it\/en\/","name":"Myto Sushi Roma | Asian Contemporary Cuisine","isPartOf":{"@id":"https:\/\/mytoroma.it\/en\/#website"},"datePublished":"2024-01-23T14:15:03+00:00","dateModified":"2025-08-04T06:19:13+00:00","breadcrumb":{"@id":"https:\/\/mytoroma.it\/en\/#breadcrumb"},"inLanguage":"en-US","potentialAction":[{"@type":"ReadAction","target":["https:\/\/mytoroma.it\/en\/"]}]},{"@type":"BreadcrumbList","@id":"https:\/\/mytoroma.it\/en\/#breadcrumb","itemListElement":[{"@type":"ListItem","position":1,"name":"Home","item":"https:\/\/mytoroma.it\/en\/"},{"@type":"ListItem","position":2,"name":"Home"}]},{"@type":"WebSite","@id":"https:\/\/mytoroma.it\/en\/#website","url":"https:\/\/mytoroma.it\/en\/","name":"Myto Sushi","description":"","potentialAction":[{"@type":"SearchAction","target":{"@type":"EntryPoint","urlTemplate":"https:\/\/mytoroma.it\/en\/?s={search_term_string}"},"query-input":{"@type":"PropertyValueSpecification","valueRequired":true,"valueName":"search_term_string"}}],"inLanguage":"en-US"}]}},"_links":{"self":[{"href":"https:\/\/mytoroma.it\/en\/wp-json\/wp\/v2\/pages\/904","targetHints":{"allow":["GET"]}}],"collection":[{"href":"https:\/\/mytoroma.it\/en\/wp-json\/wp\/v2\/pages"}],"about":[{"href":"https:\/\/mytoroma.it\/en\/wp-json\/wp\/v2\/types\/page"}],"author":[{"embeddable":true,"href":"https:\/\/mytoroma.it\/en\/wp-json\/wp\/v2\/users\/3"}],"replies":[{"embeddable":true,"href":"https:\/\/mytoroma.it\/en\/wp-json\/wp\/v2\/comments?post=904"}],"version-history":[{"count":6,"href":"https:\/\/mytoroma.it\/en\/wp-json\/wp\/v2\/pages\/904\/revisions"}],"predecessor-version":[{"id":946,"href":"https:\/\/mytoroma.it\/en\/wp-json\/wp\/v2\/pages\/904\/revisions\/946"}],"wp:attachment":[{"href":"https:\/\/mytoroma.it\/en\/wp-json\/wp\/v2\/media?parent=904"}],"curies":[{"name":"wp","href":"https:\/\/api.w.org\/{rel}","templated":true}]}}